{"id":1567,"date":"2020-07-02T12:31:30","date_gmt":"2020-07-02T10:52:38","guid":{"rendered":"https:\/\/coimagroup.it\/prodotto\/ivv\/"},"modified":"2020-07-02T12:52:45","modified_gmt":"2020-07-02T10:52:45","slug":"ivv","status":"publish","type":"product","link":"https:\/\/coimagroup.it\/fr\/prodotto\/ivv\/","title":{"rendered":"IVV"},"content":{"rendered":"<p>Installations, r\u00e9alis\u00e9es sur mesure pour la manutention, la peinture, le s\u00e9chage des produits manufactur\u00e9s, utilisables dans le secteur du bois, des mati\u00e8res plastiques et des m\u00e9taux.<br \/>\nLa gamme de solutions part d\u2019installations tr\u00e8s petites et bon march\u00e9, telles que de simples convoyeurs \u00e0 cha\u00eenes manuels et des cabines de peinture appropri\u00e9es, pour en arriver \u00e0 des installations \u00e0 haute technologie enti\u00e8rement automatiques, avec les composants qui sont en contact avec les peintures r\u00e9alis\u00e9s en mati\u00e8re plastique anti-adh\u00e9rent, flow-coating (application par arrosage) pour l\u2019impr\u00e9gnation automatique, robots de peinture automatique, aussi bien anthropomorphes que cart\u00e9siens, \u00e0 haute productivit\u00e9 et fiabilit\u00e9, syst\u00e8mes de r\u00e9cup\u00e9ration de peinture, tunnels de s\u00e9chage, ascenseurs de chargement\/d\u00e9chargement et tout ce qui pourrait \u00eatre demand\u00e9 par le client afin d\u2019atteindre les plus hauts niveaux de productivit\u00e9 et d\u2019automatisation.<\/p>\n","protected":false},"excerpt":{"rendered":"<p>Installation de peinture automatique verticale pour portes, fen\u00eatres, etc.<\/p>\n","protected":false},"featured_media":3261,"comment_status":"closed","ping_status":"closed","template":"","meta":[],"_links":{"self":[{"href":"https:\/\/coimagroup.it\/fr\/wp-json\/wp\/v2\/product\/1567"}],"collection":[{"href":"https:\/\/coimagroup.it\/fr\/wp-json\/wp\/v2\/product"}],"about":[{"href":"https:\/\/coimagroup.it\/fr\/wp-json\/wp\/v2\/types\/product"}],"replies":[{"embeddable":true,"href":"https:\/\/coimagroup.it\/fr\/wp-json\/wp\/v2\/comments?post=1567"}],"wp:featuredmedia":[{"embeddable":true,"href":"https:\/\/coimagroup.it\/fr\/wp-json\/wp\/v2\/media\/3261"}],"wp:attachment":[{"href":"https:\/\/coimagroup.it\/fr\/wp-json\/wp\/v2\/media?parent=1567"}],"curies":[{"name":"wp","href":"https:\/\/api.w.org\/{rel}","templated":true}]}}