{"id":1568,"date":"2020-07-02T12:31:30","date_gmt":"2020-07-02T10:52:38","guid":{"rendered":"https:\/\/coimagroup.it\/prodotto\/flc\/"},"modified":"2020-07-02T12:52:46","modified_gmt":"2020-07-02T10:52:46","slug":"flc","status":"publish","type":"product","link":"https:\/\/coimagroup.it\/fr\/prodotto\/flc\/","title":{"rendered":"FLC"},"content":{"rendered":"<p>Cabine pour l\u2019impr\u00e9gnation automatique des produits manufactur\u00e9s, enti\u00e8rement r\u00e9alis\u00e9e en mat\u00e9riau anti-adh\u00e9rent de grande \u00e9paisseur, afin de permettre un nettoyage et un entretien ais\u00e9s de la machine et de garantir en m\u00eame temps une robustesse \u00e9lev\u00e9e de la structure.<br \/>\nElle est \u00e9quip\u00e9e d\u2019une pompe \u00e0 double membrane anti-mousse et de buses d\u2019\u00e9mission \u00e0 faible consommation, elles aussi r\u00e9alis\u00e9es dans un mat\u00e9riau non-adh\u00e9rent. Gr\u00e2ce \u00e0 un syst\u00e8me de d\u00e9placement des buses sur des guides verticaux, elle peut arriver \u00e0 fonctionner avec 7 litres de produit d\u2019impr\u00e9gnation \u00e0 peine.<br \/>Il est possible de l\u2019\u00e9quiper d\u2019un syst\u00e8me de nettoyage automatique afin de proc\u00e9der \u00e0 un changement de couleur en quelques minutes seulement. Il est \u00e9galement possible de proc\u00e9der \u00e0 une clarification automatique des eaux de nettoyage avec s\u00e9paration des boues (en option).<\/p>\n","protected":false},"excerpt":{"rendered":"<p>Flow-coating (application par arrosage)<\/p>\n","protected":false},"featured_media":3272,"comment_status":"closed","ping_status":"closed","template":"","meta":[],"_links":{"self":[{"href":"https:\/\/coimagroup.it\/fr\/wp-json\/wp\/v2\/product\/1568"}],"collection":[{"href":"https:\/\/coimagroup.it\/fr\/wp-json\/wp\/v2\/product"}],"about":[{"href":"https:\/\/coimagroup.it\/fr\/wp-json\/wp\/v2\/types\/product"}],"replies":[{"embeddable":true,"href":"https:\/\/coimagroup.it\/fr\/wp-json\/wp\/v2\/comments?post=1568"}],"wp:featuredmedia":[{"embeddable":true,"href":"https:\/\/coimagroup.it\/fr\/wp-json\/wp\/v2\/media\/3272"}],"wp:attachment":[{"href":"https:\/\/coimagroup.it\/fr\/wp-json\/wp\/v2\/media?parent=1568"}],"curies":[{"name":"wp","href":"https:\/\/api.w.org\/{rel}","templated":true}]}}