{"id":2858,"date":"2020-11-27T06:30:16","date_gmt":"2020-11-27T05:30:16","guid":{"rendered":"https:\/\/coimagroup.it\/prodotto\/shk-fr\/"},"modified":"2021-09-24T11:49:29","modified_gmt":"2021-09-24T09:49:29","slug":"filtres-a-sac","status":"publish","type":"product","link":"https:\/\/coimagroup.it\/fr\/prodotto\/filtres-a-sac\/","title":{"rendered":"Filtres a sac"},"content":{"rendered":"<p>Les filtres avec vidange en sacs sont id\u00e9aux afin de<br \/>\nr\u00e9soudre le probl\u00e8me associ\u00e9 \u00e0 une aspiration correcte<br \/>\ndes copeaux, tout en respectant un budget tr\u00e8s contenu. Les filtres SHK sont con\u00e7us pour \u00eatre plac\u00e9 \u00e0 l\u2019int\u00e9rieur des ateliers (v\u00e9rifier la norme nationale) ou m\u00eame \u00e0 l\u2019ext\u00e9rieur, \u00e0 l\u2019abri des agents atmosph\u00e9riques en achetant le car\u00e9nage optionnel. La structure de ces filtres est faite de panneaux en acier galvanis\u00e9 \u00e0 chaud; ils sont divis\u00e9s en 2 sections principales: la partie filtrante constitu\u00e9e de manches en polyester antistatique avec syst\u00e8me de nettoyage par vibration et la partie inf\u00e9rieure avec des sacs en plastique pour le stockage des d\u00e9chets (ou tr\u00e9mie et vis sans fin dans le cas d\u2019une transformation en filtre \u00e0 \u00e9cluse).<br \/>\nAfin d\u2019obtenir les vitesses n\u00e9cessaires pour l\u2019extraction correcte des copeaux, le syst\u00e8me est \u00e9quip\u00e9 d\u2019aspirateur \u00e0 grande roue et d\u2019un moteur 4 poles de 1500 tr \/ min (sauf SHK1), donc tr\u00e8s silencieux. Le moteur d\u2019excellente qualit\u00e9 sera fourni en classe S1, degr\u00e9 de protection IP55 et niveau d\u2019efficacit\u00e9 \u00e9nerg\u00e9tique IE3.<br \/>\nL\u2019armoire \u00e9lectrique propos\u00e9e, conforme CE, commande le ventilateur d\u2019aspiration et le secoueur \u00e9lectrom\u00e9canique, avec d\u00e9marrage automatique lors de l\u2019arr\u00eat de l\u2019aspiration.<\/p>\n<p>NOTES: les filtres \u00e0 sac non disponibles en version ATEX; pour les filtres conformes ATEX, voir la gamme de filtres compacts \u201cF250-320-380-450\u201d.<\/p>\n","protected":false},"excerpt":{"rendered":"<p>SHK<\/p>\n","protected":false},"featured_media":3040,"comment_status":"open","ping_status":"closed","template":"","meta":[],"_links":{"self":[{"href":"https:\/\/coimagroup.it\/fr\/wp-json\/wp\/v2\/product\/2858"}],"collection":[{"href":"https:\/\/coimagroup.it\/fr\/wp-json\/wp\/v2\/product"}],"about":[{"href":"https:\/\/coimagroup.it\/fr\/wp-json\/wp\/v2\/types\/product"}],"replies":[{"embeddable":true,"href":"https:\/\/coimagroup.it\/fr\/wp-json\/wp\/v2\/comments?post=2858"}],"wp:featuredmedia":[{"embeddable":true,"href":"https:\/\/coimagroup.it\/fr\/wp-json\/wp\/v2\/media\/3040"}],"wp:attachment":[{"href":"https:\/\/coimagroup.it\/fr\/wp-json\/wp\/v2\/media?parent=2858"}],"curies":[{"name":"wp","href":"https:\/\/api.w.org\/{rel}","templated":true}]}}