{"id":3459,"date":"2020-11-27T06:43:44","date_gmt":"2020-11-27T05:43:44","guid":{"rendered":"https:\/\/coimagroup.it\/prodotto\/3459\/"},"modified":"2021-09-24T11:49:29","modified_gmt":"2021-09-24T09:49:29","slug":"3459","status":"publish","type":"product","link":"https:\/\/coimagroup.it\/fr\/prodotto\/3459\/","title":{"rendered":"Minisilos de filtration et stockage (2x2m)"},"content":{"rendered":"<p>Le Minisilo COIMA est une unit\u00e9 int\u00e9gr\u00e9e pour la filtration et le stockage des copeaux, con\u00e7ue pour travailler en d\u00e9pression (avec le ventilateur installe\u2019 en aval du filtre), mais elle peut travailler sans probl\u00e8me en pression positive.<br \/>\nLa structure est r\u00e9alis\u00e9e en panneaux modulaires d\u2019acier galvanis\u00e9.<br \/>\nLa section sup\u00e9rieure consiste en une batterie filtrante \u00e9quip\u00e9e de manches en polyester fix\u00e9es sur un ch\u00e2ssis \u00e0 l\u2019aide de snap rings. Le nettoyage des manches se r\u00e9alise \u00e0 l\u2019arr\u00eat de l\u2019aspiration par un secoueur \u00e9lectrique ATEX.<br \/>\nLa section inf\u00e9rieure est la chambre de stockage des copeaux, avec un fond plat de grosse \u00e9paisseur, supportant l\u2019extracteur motoris\u00e9 \u00e0 deux lames rotatives en acier harmonique; l\u2019extracteur permet la vidange sur 3 sorties ind\u00e9pendantes: une sortie est raccord\u00e9e d\u2019office \u00e1 un kit de stockage par sac plastique (ou big-bag \u00e0 choix), les 2 sorties restantes permettent plusieurs modalit\u00e9s de vidange suppl\u00e9mentaires. La partie stockage est dot\u00e9e de hublots en Lexan pour un contr\u00f4le visuel du mat\u00e9riel stock\u00e9 et d\u2019une sonde de niveau \u00e9lectrique pour en v\u00e9rifier le remplissage maximum.<br \/>\nLe Minisilo est ainsi \u00e9quip\u00e9 de panneaux anti-explosion ATEX, d\u2019\u00e9chelle a crinoline avec terrasse et porte d\u2019acc\u00e8s \u00e0 la batterie filtrante, de colonne s\u00e8che reli\u00e9e \u00e1 des buses install\u00e9es en partie haute dans l\u2019unit\u00e9 filtrante.<br \/>\nEn option on peut doter l\u2019unit\u00e9 d\u2019une chambre de d\u00e9cantation en entr\u00e9e (dot\u00e9e d\u2019\u00e9vents antiexplosion ATEX), afin de r\u00e9duire la vitesse de l\u2019air entrant dans l\u2019unit\u00e9, de prot\u00e9ger les manches contre tout type de contact avec les d\u00e9chets aspir\u00e9s, de r\u00e9aliser un premier d\u00e9couplage contre le retour d\u2019explosion.<br \/>\nLe Minisilo est couple\u2019 avec ventilateur \u00e1 tr\u00e8s haut rendement (con\u00e7ue pour fonctionnement en air propre), dot\u00e9 d\u2019un moteur d\u2019excellente facture (S1, IP55, IE3).<br \/>\nLa version ATEX comprend :<br \/>\n&#8211; Ventilateur certifie\u2019 ATEX II 3D ;<br \/>\n&#8211; Manches filtrantes en polyester antistatique ATEX.<\/p>\n<p>NOTA : Le Minisilo COIMA en version ATEX est conforme avec la norme EN12779-2015 (actuellement en vigueur).<\/p>\n","protected":false},"excerpt":{"rendered":"<p>MMV<\/p>\n","protected":false},"featured_media":2699,"comment_status":"open","ping_status":"closed","template":"","meta":[],"_links":{"self":[{"href":"https:\/\/coimagroup.it\/fr\/wp-json\/wp\/v2\/product\/3459"}],"collection":[{"href":"https:\/\/coimagroup.it\/fr\/wp-json\/wp\/v2\/product"}],"about":[{"href":"https:\/\/coimagroup.it\/fr\/wp-json\/wp\/v2\/types\/product"}],"replies":[{"embeddable":true,"href":"https:\/\/coimagroup.it\/fr\/wp-json\/wp\/v2\/comments?post=3459"}],"wp:featuredmedia":[{"embeddable":true,"href":"https:\/\/coimagroup.it\/fr\/wp-json\/wp\/v2\/media\/2699"}],"wp:attachment":[{"href":"https:\/\/coimagroup.it\/fr\/wp-json\/wp\/v2\/media?parent=3459"}],"curies":[{"name":"wp","href":"https:\/\/api.w.org\/{rel}","templated":true}]}}